{"id":708,"date":"2015-03-02T10:07:50","date_gmt":"2015-03-02T10:07:50","guid":{"rendered":"http:\/\/tantot.net\/en\/?page_id=708"},"modified":"2015-06-18T09:40:08","modified_gmt":"2015-06-18T09:40:08","slug":"videos","status":"publish","type":"page","link":"https:\/\/tantot.net\/en\/attic\/videos","title":{"rendered":"Videos"},"content":{"rendered":"<p>To discover more Tant\u00f4t videos, please click on this link which brings you on the company&#8217;s\u00a0Vim\u00e9o.<\/p>\n<p>&nbsp;<\/p>\n<p>&nbsp;<\/p>\n<p style=\"text-align: center;\"><iframe loading=\"lazy\" src=\"\/\/player.vimeo.com\/video\/60681139?title=0&amp;amp;byline=0\" width=\"425\" height=\"350\"><\/iframe><\/p>\n<h3 style=\"text-align: center;\">Tant\u00f4t in Montoulieu-\u00adSaint \u00adBernard<\/h3>\n<p>Warmly welcomed in Montoulieu\u00adSaint\u00adBernard by Pronomades, Tant\u00f4t is taking a few holidays.\u00a0Plans : cows, straw bales, and clothes line show. At the end of it, he went away during an\u00a0installation in multidiffusion on July 14, for which all the inhabitants of around and further away\u00a0were invited.<\/p>\n<p style=\"text-align: center;\"><iframe loading=\"lazy\" src=\"\/\/player.vimeo.com\/video\/91568258?title=0&amp;amp;byline=0\" width=\"425\" height=\"350\"><\/iframe><\/p>\n<h3 style=\"text-align: center;\">Tant\u00f4t accross borders<\/h3>\n<p>When Tant\u00f4t from the morning is meeting Tant\u00f4t from the afternoon. This is an adventure made in\u00a0collaboration with La Maison Folie Hospice D&#8217;Havr\u00e9 from Tourcoing.<\/p>\n<p>&nbsp;<\/p>\n<p style=\"text-align: center;\"><iframe loading=\"lazy\" src=\"\/\/player.vimeo.com\/video\/90909860?title=0&amp;amp;byline=0\" width=\"425\" height=\"350\"><\/iframe><\/p>\n<h3 style=\"text-align: center;\">Tant\u00f4t at the Etruscans<\/h3>\n<p>Tant\u00f4t is slightly Etruscan. Tant\u00f4t is visiting the exhibition on the Etruscans at the Louvre\u00adLens.\u00a0He feels like at home, like \u00ab d\u00e9j\u00e0 vu \u00bb. Where does it come from ? How old is he ?<\/p>\n<p>&nbsp;<\/p>\n<p style=\"text-align: center;\"><iframe loading=\"lazy\" src=\"\/\/player.vimeo.com\/video\/91564432?title=0&amp;amp;byline=0\" width=\"425\" height=\"350\"><\/iframe><\/p>\n<h3 style=\"text-align: center;\">Tant\u00f4t the machinist<\/h3>\n<p>Tant\u00f4t is inaugurating in its way the tram Line 2 which will connect Valenciennes to Vieux Cond\u00e9.\u00a0This adventure gave an installation\/show with multi\u00adprojection on December 14 2013.<\/p>\n<p>This is a journey from the Company Tant\u00f4t, on the rails thanks to le Boulon, Centre des Arts de la\u00a0Rue of Vieux\u00adCond\u00e9, with the Ph\u00e9nix, Sc\u00e8ne Nationale of Valenciennes.<\/p>\n<p>&nbsp;<\/p>\n<p style=\"text-align: center;\"><iframe loading=\"lazy\" src=\"\/\/player.vimeo.com\/video\/68104596?title=0&amp;amp;byline=0\" width=\"425\" height=\"350\"><\/iframe><\/p>\n<h3 style=\"text-align: center;\">Tant\u00f4t El Ecuador<\/h3>\n<p>Video of Tant\u00f4t&#8217;s journey to Ecuator in June 2013 with the French Alliances of Cuenca and the\u00a0Tourism Office of Quito.<\/p>\n<p>&nbsp;<\/p>\n<p style=\"text-align: center;\"><iframe loading=\"lazy\" src=\"\/\/player.vimeo.com\/video\/120579070?title=0&amp;amp;byline=0\" width=\"425\" height=\"350\"><\/iframe><\/p>\n<h3 style=\"text-align: center;\">\u00a0The cine\u00adnews of Tant\u00f4t at the Dunkerque LAAC<\/h3>\n<p>Cine\u00adnews are making\u00adof films, directed by Arnaud Boulogne, in Super 8. They are silent movies.<\/p>\n<p>&nbsp;<\/p>\n<p style=\"text-align: center;\"><iframe loading=\"lazy\" src=\"\/\/player.vimeo.com\/video\/91564433?title=0&amp;amp;byline=0\" width=\"425\" height=\"350\"><\/iframe><\/p>\n<h3 style=\"text-align: center;\">Tant\u00f4t\u00a0on the border<\/h3>\n<p>A very grand adventure from Tant\u00f4t accross the Nord Department, for the 300 years of the Franco-Belgian border. The shooting lasted 32 days and Tant\u00f4t when through 28 towns and villages from\u00a0the Nord and in Belgium.<\/p>\n<p>&nbsp;<\/p>\n<p style=\"text-align: center;\"><iframe loading=\"lazy\" src=\"\/\/player.vimeo.com\/video\/120676203?title=0&amp;amp;byline=0\" width=\"425\" height=\"350\"><\/iframe><\/p>\n<h3 style=\"text-align: center;\">France 3 documentary on Tant\u00f4t on the border<\/h3>\n<p>The reportage from France 3 (National Television) which followed Tant\u00f4t during his journey\u00a0through the North of France.<\/p>\n<p>&nbsp;<\/p>\n<p style=\"text-align: center;\"><iframe loading=\"lazy\" src=\"\/\/player.vimeo.com\/video\/120797045?title=0&amp;amp;byline=0\" width=\"425\" height=\"350\"><\/iframe><\/p>\n<h3 style=\"text-align: center;\">VHS presentation<\/h3>\n<p>A small video introducing VHS, the last project of the Company Tant\u00f4t, with Eric Bezy and\u00a0Arnaud Boulogne.<\/p>\n","protected":false},"excerpt":{"rendered":"<p>To discover more Tant\u00f4t videos, please click on this link which brings you on the company&#8217;s\u00a0Vim\u00e9o. &nbsp; &nbsp; Tant\u00f4t in Montoulieu-\u00adSaint \u00adBernard Warmly welcomed in Montoulieu\u00adSaint\u00adBernard by Pronomades, Tant\u00f4t is taking a few holidays.\u00a0Plans : cows, straw bales, and clothes line show. At the end of it, he went away during an\u00a0installation in multidiffusion on [&hellip;]<\/p>\n","protected":false},"author":3,"featured_media":0,"parent":711,"menu_order":0,"comment_status":"closed","ping_status":"closed","template":"","meta":{"_acf_changed":false,"footnotes":""},"class_list":["post-708","page","type-page","status-publish","hentry"],"acf":[],"_links":{"self":[{"href":"https:\/\/tantot.net\/en\/wp-json\/wp\/v2\/pages\/708","targetHints":{"allow":["GET"]}}],"collection":[{"href":"https:\/\/tantot.net\/en\/wp-json\/wp\/v2\/pages"}],"about":[{"href":"https:\/\/tantot.net\/en\/wp-json\/wp\/v2\/types\/page"}],"author":[{"embeddable":true,"href":"https:\/\/tantot.net\/en\/wp-json\/wp\/v2\/users\/3"}],"replies":[{"embeddable":true,"href":"https:\/\/tantot.net\/en\/wp-json\/wp\/v2\/comments?post=708"}],"version-history":[{"count":3,"href":"https:\/\/tantot.net\/en\/wp-json\/wp\/v2\/pages\/708\/revisions"}],"predecessor-version":[{"id":726,"href":"https:\/\/tantot.net\/en\/wp-json\/wp\/v2\/pages\/708\/revisions\/726"}],"up":[{"embeddable":true,"href":"https:\/\/tantot.net\/en\/wp-json\/wp\/v2\/pages\/711"}],"wp:attachment":[{"href":"https:\/\/tantot.net\/en\/wp-json\/wp\/v2\/media?parent=708"}],"curies":[{"name":"wp","href":"https:\/\/api.w.org\/{rel}","templated":true}]}}