{"id":751,"date":"2015-02-20T14:53:03","date_gmt":"2015-02-20T14:53:03","guid":{"rendered":"http:\/\/tantot.net\/en\/?page_id=751"},"modified":"2015-06-18T14:15:25","modified_gmt":"2015-06-18T14:15:25","slug":"partners","status":"publish","type":"page","link":"https:\/\/tantot.net\/en\/la-compagnie\/partners","title":{"rendered":"Partners"},"content":{"rendered":"<h2><\/h2>\n<p>&nbsp;<\/p>\n<h2>Institutional partners<\/h2>\n<p>&nbsp;<\/p>\n<p><a href=\"http:\/\/tantot.net\/files\/2015\/02\/logo-drac_culture.gif\"><img loading=\"lazy\" decoding=\"async\" class=\"  wp-image-172 alignleft\" src=\"http:\/\/tantot.net\/files\/2015\/02\/logo-region-ndc-300x290.png\" alt=\"logo-region-ndc\" width=\"91\" height=\"88\" srcset=\"https:\/\/tantot.net\/files\/2015\/02\/logo-region-ndc-300x290.png 300w, https:\/\/tantot.net\/files\/2015\/02\/logo-region-ndc-200x193.png 200w, https:\/\/tantot.net\/files\/2015\/02\/logo-region-ndc.png 948w\" sizes=\"auto, (max-width: 91px) 100vw, 91px\" \/><img loading=\"lazy\" decoding=\"async\" class=\"  wp-image-174 alignleft\" src=\"http:\/\/tantot.net\/files\/2015\/02\/logo-cg-nord-300x300.png\" alt=\"logo-cg-nord\" width=\"88\" height=\"88\" srcset=\"https:\/\/tantot.net\/files\/2015\/02\/logo-cg-nord-300x300.png 300w, https:\/\/tantot.net\/files\/2015\/02\/logo-cg-nord-150x150.png 150w, https:\/\/tantot.net\/files\/2015\/02\/logo-cg-nord-1024x1024.png 1024w, https:\/\/tantot.net\/files\/2015\/02\/logo-cg-nord-100x100.png 100w, https:\/\/tantot.net\/files\/2015\/02\/logo-cg-nord-200x200.png 200w, https:\/\/tantot.net\/files\/2015\/02\/logo-cg-nord.png 1181w\" sizes=\"auto, (max-width: 88px) 100vw, 88px\" \/><img loading=\"lazy\" decoding=\"async\" class=\"  wp-image-170 aligncenter\" src=\"http:\/\/tantot.net\/files\/2015\/02\/logo-drac_culture-242x300.gif\" alt=\"logo-drac_culture\" width=\"76\" height=\"96\" \/><\/a><\/p>\n<p>&nbsp;<\/p>\n<h2><\/h2>\n<h2>\u00a0\u00a0<img loading=\"lazy\" decoding=\"async\" class=\"alignnone  wp-image-178\" src=\"http:\/\/tantot.net\/files\/2015\/02\/logo-institut-francais.png\" alt=\"logo-institut-francais\" width=\"157\" height=\"69\" srcset=\"https:\/\/tantot.net\/files\/2015\/02\/logo-institut-francais.png 250w, https:\/\/tantot.net\/files\/2015\/02\/logo-institut-francais-200x88.png 200w\" sizes=\"auto, (max-width: 157px) 100vw, 157px\" \/><\/h2>\n<h2><\/h2>\n<h2>\u00a0<img loading=\"lazy\" decoding=\"async\" class=\"  wp-image-180 alignleft\" src=\"http:\/\/tantot.net\/files\/2015\/02\/logo-flux.png\" alt=\"logo-flux\" width=\"112\" height=\"84\" srcset=\"https:\/\/tantot.net\/files\/2015\/02\/logo-flux.png 270w, https:\/\/tantot.net\/files\/2015\/02\/logo-flux-200x151.png 200w\" sizes=\"auto, (max-width: 112px) 100vw, 112px\" \/>\u00a0<img loading=\"lazy\" decoding=\"async\" class=\"  wp-image-185 alignleft\" src=\"http:\/\/tantot.net\/files\/2015\/02\/logo_pictanovo-300x104.jpg\" alt=\"logo_pictanovo\" width=\"167\" height=\"58\" srcset=\"https:\/\/tantot.net\/files\/2015\/02\/logo_pictanovo-300x104.jpg 300w, https:\/\/tantot.net\/files\/2015\/02\/logo_pictanovo-200x69.jpg 200w, https:\/\/tantot.net\/files\/2015\/02\/logo_pictanovo.jpg 812w\" sizes=\"auto, (max-width: 167px) 100vw, 167px\" \/><\/h2>\n<h2><\/h2>\n<p>&nbsp;<\/p>\n<p>&nbsp;<\/p>\n<p>&nbsp;<\/p>\n<p>&nbsp;<\/p>\n<p>&nbsp;<\/p>\n<h2><\/h2>\n<h2><\/h2>\n<h2>Associated Structures<\/h2>\n<p>Tant\u00f4t project\u00a0was strongly supported since its beginnings by different structures and we thank them well:<\/p>\n<p>Culture Commune \u2013 Sc\u00e8ne Nationale du Bassin Minier du Pas-de-Calais<\/p>\n<p>Pronomade(s) en Haute Garonne \u2013 Centre National des Arts de la Rue,<\/p>\n<p>Festival Excentrique \u2013 Culture O Centre,<\/p>\n<p>Espace P\u00e9riph\u00e9rique &#8211; La Villette, Paris.<\/p>\n<p>Amalgamix,<\/p>\n<p>M\u00e9talu A Chahuter.<\/p>\n<p>&nbsp;<\/p>\n<p>The Tant\u00f4t company\u00a0circulated in many places and festival such as:<\/p>\n<p><strong>Festivals\u00a0:<\/strong><\/p>\n<p>Festival Mondial de la Marionnette de Charleville-M\u00e9zi\u00e8res\u00a0; (programmation IN)<\/p>\n<p>Chalon dans la Rue\u00a0;<\/p>\n<p>Viva Cit\u00e9 \u00e0 Sotteville les Rouen\u00a0;<\/p>\n<p>Z\u2019arts up avec Culture Commune\u00a0, Sc\u00e8ne Nationale du Bassin minier du Pas-de-Calais<\/p>\n<p>Festival Excentrique de la R\u00e9gion Centre\u00a0;<\/p>\n<p>Les Tomb\u00e9es de la Nuit \u00e0 Rennes\u00a0;<\/p>\n<p>Festival Rayon Frais \u00e0 Tours\u00a0;<\/p>\n<p>La F\u00eate dans la Ville \u00e0 Amiens avec le Hangar et le Cirque Jules Verne\u00a0;<\/p>\n<p>Festival de l\u2019OH\u00a0!\u00a0\u00e0 Cr\u00e9teil<\/p>\n<p>Festival Petit Art Petit \u00e0 Marseille\u00a0;<\/p>\n<p>etc<\/p>\n<p>&nbsp;<\/p>\n<p><strong>Structures, scenes\u00a0<\/strong><\/p>\n<p>Pronomade(s) en Haute Garonne \u2013 Centre National des Arts de la Rue\u00a0;<\/p>\n<p>Le Citron Jaune, Centre National des Arts de la Rue situ\u00e9 \u00e0 Port Saint-Louis du Rh\u00f4ne<\/p>\n<p>Le POlau &#8211; P\u00f4le des Arts Urbains de Tours ;<\/p>\n<p>Le Bateau Feu &#8211; Sc\u00e8ne Nationale de Dunkerque\u00a0;<\/p>\n<p>Le Channel &#8211; Sc\u00e8ne Nationale de Calais\u00a0;<\/p>\n<p>le Centre Andr\u00e9 Malraux d\u2019Hazebrouck,<\/p>\n<p>Le Zeppelin \u00e0 Saint Andr\u00e9\u00a0;<\/p>\n<p>La Maison Folie de Moulins\u00a0;<\/p>\n<p>Le LAAC \u00e0 Dunkerque\u00a0;<\/p>\n<p>L&#8217;Agence Technique D\u00e9partementale du Nord,<\/p>\n<p>etc<\/p>\n<p>&nbsp;<\/p>\n<p><strong>Foreigner\u00a0: <\/strong><\/p>\n<p>Festival Awaln\u2019art \u00e0 Marrakech\u00a0(Marocco)<\/p>\n<p>Huis Festival\u00a0Ad Werf (Netherlands)<\/p>\n<p>Alliances Fran\u00e7aises de Quito et Cuenca (Equator)<\/p>\n<p>Alliance Fran\u00e7aise de Lima (Peru)<\/p>\n<p>&nbsp;<\/p>\n<p>&nbsp;<\/p>\n<p>&nbsp;<\/p>\n<p><strong>And also\u00a0:<\/strong><\/p>\n<p>The Tant\u00f4t \u00ab audiovisual adventures \u00bb \u00a0is also a part of\u00a0\u00a0Flux catalog, proposal of digital content to movie theaters in the Nord-Pas de Calais region.<\/p>\n<p>&nbsp;<\/p>\n<p>The Tant\u00f4t performance is assisted in the diffusion help plan of the Conseil G\u00e9ral du Nord.<\/p>\n<pre id=\"tw-target-text\" class=\"tw-data-text vk_txt tw-ta tw-text-small\" dir=\"ltr\" data-placeholder=\"Traduction\" data-fulltext=\"\">link\u00a0<a href=\"http:\/\/diffusionculturelle.lenord.fr\/DAC\/\">here<\/a><\/pre>\n","protected":false},"excerpt":{"rendered":"<p>&nbsp; Institutional partners &nbsp; &nbsp; \u00a0\u00a0 \u00a0\u00a0 &nbsp; &nbsp; &nbsp; &nbsp; &nbsp; Associated Structures Tant\u00f4t project\u00a0was strongly supported since its beginnings by different structures and we thank them well: Culture Commune \u2013 Sc\u00e8ne Nationale du Bassin Minier du Pas-de-Calais Pronomade(s) en Haute Garonne \u2013 Centre National des Arts de la Rue, Festival Excentrique \u2013 Culture [&hellip;]<\/p>\n","protected":false},"author":3,"featured_media":0,"parent":696,"menu_order":0,"comment_status":"closed","ping_status":"closed","template":"","meta":{"_acf_changed":false,"footnotes":""},"class_list":["post-751","page","type-page","status-publish","hentry"],"acf":[],"_links":{"self":[{"href":"https:\/\/tantot.net\/en\/wp-json\/wp\/v2\/pages\/751","targetHints":{"allow":["GET"]}}],"collection":[{"href":"https:\/\/tantot.net\/en\/wp-json\/wp\/v2\/pages"}],"about":[{"href":"https:\/\/tantot.net\/en\/wp-json\/wp\/v2\/types\/page"}],"author":[{"embeddable":true,"href":"https:\/\/tantot.net\/en\/wp-json\/wp\/v2\/users\/3"}],"replies":[{"embeddable":true,"href":"https:\/\/tantot.net\/en\/wp-json\/wp\/v2\/comments?post=751"}],"version-history":[{"count":3,"href":"https:\/\/tantot.net\/en\/wp-json\/wp\/v2\/pages\/751\/revisions"}],"predecessor-version":[{"id":755,"href":"https:\/\/tantot.net\/en\/wp-json\/wp\/v2\/pages\/751\/revisions\/755"}],"up":[{"embeddable":true,"href":"https:\/\/tantot.net\/en\/wp-json\/wp\/v2\/pages\/696"}],"wp:attachment":[{"href":"https:\/\/tantot.net\/en\/wp-json\/wp\/v2\/media?parent=751"}],"curies":[{"name":"wp","href":"https:\/\/api.w.org\/{rel}","templated":true}]}}